{"id":1608,"date":"2025-05-12T11:47:02","date_gmt":"2025-05-12T09:47:02","guid":{"rendered":"https:\/\/www.lymbus.com\/?page_id=1608"},"modified":"2025-07-28T18:37:33","modified_gmt":"2025-07-28T16:37:33","slug":"contacto","status":"publish","type":"page","link":"https:\/\/www.lymbus.com\/es\/contacto\/","title":{"rendered":"CONTACTO"},"content":{"rendered":"\t\t<div data-elementor-type=\"wp-page\" data-elementor-id=\"1608\" class=\"elementor elementor-1608 elementor-391\" data-elementor-post-type=\"page\">\n\t\t\t\t<div class=\"elementor-element elementor-element-4e24c05 e-grid e-con-boxed e-con e-parent\" data-id=\"4e24c05\" data-element_type=\"container\" data-e-type=\"container\" data-settings=\"{&quot;jet_parallax_layout_list&quot;:[]}\">\n\t\t\t\t\t<div class=\"e-con-inner\">\n\t\t<div class=\"elementor-element elementor-element-684b0e5 e-con-full e-flex e-con e-child\" data-id=\"684b0e5\" data-element_type=\"container\" data-e-type=\"container\" data-settings=\"{&quot;sticky&quot;:&quot;top&quot;,&quot;sticky_offset&quot;:20,&quot;sticky_on&quot;:[&quot;desktop&quot;,&quot;laptop&quot;],&quot;sticky_parent&quot;:&quot;yes&quot;,&quot;jet_parallax_layout_list&quot;:[],&quot;sticky_effects_offset&quot;:0,&quot;sticky_anchor_link_offset&quot;:0}\">\n\t\t\t\t<div class=\"elementor-element elementor-element-7155bbf elementor-widget elementor-widget-heading\" data-id=\"7155bbf\" data-element_type=\"widget\" data-e-type=\"widget\" data-widget_type=\"heading.default\">\n\t\t\t\t<div class=\"elementor-widget-container\">\n\t\t\t\t\t<h1 class=\"elementor-heading-title elementor-size-default\">CONTACTO<\/h1>\t\t\t\t<\/div>\n\t\t\t\t<\/div>\n\t\t\t\t<div class=\"elementor-element elementor-element-541aec5 elementor-widget elementor-widget-heading\" data-id=\"541aec5\" data-element_type=\"widget\" data-e-type=\"widget\" data-widget_type=\"heading.default\">\n\t\t\t\t<div class=\"elementor-widget-container\">\n\t\t\t\t\t<h2 class=\"elementor-heading-title elementor-size-default\">\u00bfTienes una idea?\n<\/h2>\t\t\t\t<\/div>\n\t\t\t\t<\/div>\n\t\t\t\t<div class=\"elementor-element elementor-element-5ff7ac0 elementor-widget elementor-widget-text-editor\" data-id=\"5ff7ac0\" data-element_type=\"widget\" data-e-type=\"widget\" data-widget_type=\"text-editor.default\">\n\t\t\t\t<div class=\"elementor-widget-container\">\n\t\t\t\t\t\t\t\t\t<div class=\"margin-bottom margin-small\"><div class=\"text-meta\">info@lymbus.com<\/div><\/div>\t\t\t\t\t\t\t\t<\/div>\n\t\t\t\t<\/div>\n\t\t\t\t<div class=\"elementor-element elementor-element-3891fd2 elementor-widget elementor-widget-html\" data-id=\"3891fd2\" data-element_type=\"widget\" data-e-type=\"widget\" data-widget_type=\"html.default\">\n\t\t\t\t<div class=\"elementor-widget-container\">\n\t\t\t\t\t<a style=\"border:1px solid black; border-radius: 100%; padding: 5px 9px;display:inline-block; color:black;\" href=\"https:\/\/es.linkedin.com\/company\/lymbus\">IN<\/a>\n\n<a style=\"border:1px solid black; border-radius: 100%; padding: 5px 10px;display:inline-block; color:black;\" href=\"https:\/\/www.instagram.com\/lymbus_life\/\">IG<\/a>\n\n    \t\t\t\t<\/div>\n\t\t\t\t<\/div>\n\t\t\t\t<div class=\"elementor-element elementor-element-abacdc6 elementor-widget elementor-widget-text-editor\" data-id=\"abacdc6\" data-element_type=\"widget\" data-e-type=\"widget\" data-widget_type=\"text-editor.default\">\n\t\t\t\t<div class=\"elementor-widget-container\">\n\t\t\t\t\t\t\t\t\t<p>Rellena el siguiente formulario con tus datos y explic\u00e1ndonos tu idea. Lo evaluaremos y nos pondremos en contacto lo antes posible.<\/p>\t\t\t\t\t\t\t\t<\/div>\n\t\t\t\t<\/div>\n\t\t\t\t<div class=\"elementor-element elementor-element-fa08909 elementor-button-align-start elementor-widget elementor-widget-form\" data-id=\"fa08909\" data-element_type=\"widget\" data-e-type=\"widget\" data-settings=\"{&quot;step_next_label&quot;:&quot;Next&quot;,&quot;step_previous_label&quot;:&quot;Previous&quot;,&quot;button_width&quot;:&quot;100&quot;,&quot;step_type&quot;:&quot;number_text&quot;,&quot;step_icon_shape&quot;:&quot;circle&quot;}\" data-widget_type=\"form.default\">\n\t\t\t\t<div class=\"elementor-widget-container\">\n\t\t\t\t\t\t\t<form class=\"elementor-form\" method=\"post\" name=\"Contacte\" aria-label=\"Contacte\">\n\t\t\t<input type=\"hidden\" name=\"post_id\" value=\"1608\"\/>\n\t\t\t<input type=\"hidden\" name=\"form_id\" value=\"fa08909\"\/>\n\t\t\t<input type=\"hidden\" name=\"referer_title\" value=\"Lymbus\" \/>\n\n\t\t\t\n\t\t\t<div class=\"elementor-form-fields-wrapper elementor-labels-\">\n\t\t\t\t\t\t\t\t<div class=\"elementor-field-type-text elementor-field-group elementor-column elementor-field-group-name elementor-col-100 elementor-field-required\">\n\t\t\t\t\t\t\t\t\t\t\t\t<label for=\"form-field-name\" class=\"elementor-field-label elementor-screen-only\">\n\t\t\t\t\t\t\t\tNombre\t\t\t\t\t\t\t<\/label>\n\t\t\t\t\t\t\t\t\t\t\t\t\t\t<input size=\"1\" type=\"text\" name=\"form_fields[name]\" id=\"form-field-name\" class=\"elementor-field elementor-size-sm  elementor-field-textual\" placeholder=\"Nombre\" required=\"required\">\n\t\t\t\t\t\t\t\t\t\t\t<\/div>\n\t\t\t\t\t\t\t\t<div class=\"elementor-field-type-email elementor-field-group elementor-column elementor-field-group-email elementor-col-50 elementor-field-required\">\n\t\t\t\t\t\t\t\t\t\t\t\t<label for=\"form-field-email\" class=\"elementor-field-label elementor-screen-only\">\n\t\t\t\t\t\t\t\tCorreo electr\u00f3nico\t\t\t\t\t\t\t<\/label>\n\t\t\t\t\t\t\t\t\t\t\t\t\t\t<input size=\"1\" type=\"email\" name=\"form_fields[email]\" id=\"form-field-email\" class=\"elementor-field elementor-size-sm  elementor-field-textual\" placeholder=\"Correo electr\u00f3nico\" required=\"required\">\n\t\t\t\t\t\t\t\t\t\t\t<\/div>\n\t\t\t\t\t\t\t\t<div class=\"elementor-field-type-tel elementor-field-group elementor-column elementor-field-group-field_3ac4047 elementor-col-50 elementor-field-required\">\n\t\t\t\t\t\t\t\t\t\t\t\t<label for=\"form-field-field_3ac4047\" class=\"elementor-field-label elementor-screen-only\">\n\t\t\t\t\t\t\t\tTel\u00e9fono\t\t\t\t\t\t\t<\/label>\n\t\t\t\t\t\t\t\t<input size=\"1\" type=\"tel\" name=\"form_fields[field_3ac4047]\" id=\"form-field-field_3ac4047\" class=\"elementor-field elementor-size-sm  elementor-field-textual\" placeholder=\"Tel\u00e9fono\" required=\"required\" pattern=\"[0-9()#&amp;+*-=.]+\" title=\"Solo se aceptan n\u00fameros y caracteres de tel\u00e9fono (#,-,*,etc).\">\n\n\t\t\t\t\t\t<\/div>\n\t\t\t\t\t\t\t\t<div class=\"elementor-field-type-text\">\n\t\t\t\t\t<input size=\"1\" type=\"text\" name=\"form_fields[field_8d05f9e]\" id=\"form-field-field_8d05f9e\" class=\"elementor-field elementor-size-sm \" style=\"display:none !important;\">\t\t\t\t<\/div>\n\t\t\t\t\t\t\t\t<div class=\"elementor-field-type-textarea elementor-field-group elementor-column elementor-field-group-message elementor-col-100 elementor-field-required\">\n\t\t\t\t\t\t\t\t\t\t\t\t<label for=\"form-field-message\" class=\"elementor-field-label elementor-screen-only\">\n\t\t\t\t\t\t\t\tMensaje\t\t\t\t\t\t\t<\/label>\n\t\t\t\t\t\t<textarea class=\"elementor-field-textual elementor-field  elementor-size-sm\" name=\"form_fields[message]\" id=\"form-field-message\" rows=\"4\" placeholder=\"Mensaje\" required=\"required\"><\/textarea>\t\t\t\t<\/div>\n\t\t\t\t\t\t\t\t<div class=\"elementor-field-type-acceptance elementor-field-group elementor-column elementor-field-group-field_44d76c2 elementor-col-100\">\n\t\t\t\t\t\t\t\t\t\t\t\t<label for=\"form-field-field_44d76c2\" class=\"elementor-field-label elementor-screen-only\">\n\t\t\t\t\t\t\t\tHe le\u00eddo y acepto la pol\u00edtica de privacidad\t\t\t\t\t\t\t<\/label>\n\t\t\t\t\t\t\t\t<div class=\"elementor-field-subgroup\">\n\t\t\t<span class=\"elementor-field-option\">\n\t\t\t\t<input type=\"checkbox\" name=\"form_fields[field_44d76c2]\" id=\"form-field-field_44d76c2\" class=\"elementor-field elementor-size-sm  elementor-acceptance-field\">\n\t\t\t\t<label for=\"form-field-field_44d76c2\">He le\u00eddo y acepto la <a href=\"\/es\/politica-de-privacidad-y-avis-legal\/\" target=\"_blank\" style=\"color:inherido; text-decoration:underline\">pol\u00edtica de privacidad<\/a><\/label>\t\t\t<\/span>\n\t\t<\/div>\n\t\t\t\t\t\t<\/div>\n\t\t\t\t\t\t\t\t<div class=\"elementor-field-type-html elementor-field-group elementor-column elementor-field-group-field_e3279c5 elementor-col-100\">\n\t\t\t\t\t<div style=\"font-size:9px\">\nINFORMACI\u00d3N B\u00c1SICA SOBRE PROTECCI\u00d3N DE DATOS Responsable del tratamiento: Lymbus Life Sl.\nFinalidad del tratamiento: Contacto Comercial. Legitimaci\u00f3n del tratamiento: Consentimiento del interesado\/a. Conservaci\u00f3n de los datos: Se conservar\u00e1n mientras exista un inter\u00e9s mutuo o durante el tiempo necesario para el cumplimiento de las obligaciones legales. Destinatarios: Prestadores de servicio o colaboradores. Derechos: Derecho a retirar su consentimiento en cualquier momento. Derecho de acceso, rectificaci\u00f3n, portabilidad y supresi\u00f3n de los datos y la limitaci\u00f3n u oposici\u00f3n al tratamiento. Datos de contacto para ejercer sus derechos: info@lymbus.com. Informaci\u00f3n adicional: Puede consultar la informaci\u00f3n adicional en nuestra Pol\u00edtica de Privacidad.\n<\/div>\t\t\t\t<\/div>\n\t\t\t\t\t\t\t\t<div class=\"elementor-field-group elementor-column elementor-field-type-submit elementor-col-100 e-form__buttons\">\n\t\t\t\t\t<button class=\"elementor-button elementor-size-sm\" type=\"submit\">\n\t\t\t\t\t\t<span class=\"elementor-button-content-wrapper\">\n\t\t\t\t\t\t\t\t\t\t\t\t\t\t\t\t\t\t\t\t\t\t<span class=\"elementor-button-text\">Enviar<\/span>\n\t\t\t\t\t\t\t\t\t\t\t\t\t<\/span>\n\t\t\t\t\t<\/button>\n\t\t\t\t<\/div>\n\t\t\t<\/div>\n\t\t<\/form>\n\t\t\t\t\t\t<\/div>\n\t\t\t\t<\/div>\n\t\t\t\t<\/div>\n\t\t\t\t<div class=\"elementor-element elementor-element-cf669e2 elementor-widget elementor-widget-image\" data-id=\"cf669e2\" data-element_type=\"widget\" data-e-type=\"widget\" data-widget_type=\"image.default\">\n\t\t\t\t<div class=\"elementor-widget-container\">\n\t\t\t\t\t\t\t\t\t\t\t\t\t\t\t<img fetchpriority=\"high\" decoding=\"async\" width=\"800\" height=\"1066\" src=\"https:\/\/www.lymbus.com\/wp-content\/uploads\/2025\/05\/657c360c1c7fe384a24aa228_onni-anttoora-zJ9URZiB70-unsplash-p-800.jpg\" class=\"attachment-full size-full wp-image-1281\" alt=\"\" srcset=\"https:\/\/www.lymbus.com\/wp-content\/uploads\/2025\/05\/657c360c1c7fe384a24aa228_onni-anttoora-zJ9URZiB70-unsplash-p-800.jpg 800w, https:\/\/www.lymbus.com\/wp-content\/uploads\/2025\/05\/657c360c1c7fe384a24aa228_onni-anttoora-zJ9URZiB70-unsplash-p-800-768x1023.jpg 768w\" sizes=\"(max-width: 800px) 100vw, 800px\" \/>\t\t\t\t\t\t\t\t\t\t\t\t\t\t\t<\/div>\n\t\t\t\t<\/div>\n\t\t\t\t\t<\/div>\n\t\t\t\t<\/div>\n\t\t\t\t<\/div>\n\t\t","protected":false},"excerpt":{"rendered":"<p>CONTACTO \u00bfTienes una idea? info@lymbus.com IN IG Rellena el siguiente formulario con tus datos y explic\u00e1ndonos tu idea. Lo evaluaremos y nos pondremos en contacto lo antes posible.<\/p>\n","protected":false},"author":1,"featured_media":0,"parent":0,"menu_order":0,"comment_status":"closed","ping_status":"closed","template":"","meta":{"footnotes":""},"class_list":["post-1608","page","type-page","status-publish","hentry"],"yoast_head":"<!-- This site is optimized with the Yoast SEO plugin v27.3 - https:\/\/yoast.com\/product\/yoast-seo-wordpress\/ -->\n<title>CONTACTO - Lymbus<\/title>\n<meta name=\"robots\" content=\"index, follow, max-snippet:-1, max-image-preview:large, max-video-preview:-1\" \/>\n<link rel=\"canonical\" href=\"https:\/\/www.lymbus.com\/es\/contacto\/\" \/>\n<meta property=\"og:locale\" content=\"es_ES\" \/>\n<meta property=\"og:type\" content=\"article\" \/>\n<meta property=\"og:title\" content=\"CONTACTO - Lymbus\" \/>\n<meta property=\"og:description\" content=\"CONTACTO \u00bfTienes una idea? info@lymbus.com IN IG Rellena el siguiente formulario con tus datos y explic\u00e1ndonos tu idea. Lo evaluaremos y nos pondremos en contacto lo antes posible.\" \/>\n<meta property=\"og:url\" content=\"https:\/\/www.lymbus.com\/es\/contacto\/\" \/>\n<meta property=\"og:site_name\" content=\"Lymbus\" \/>\n<meta property=\"article:modified_time\" content=\"2025-07-28T16:37:33+00:00\" \/>\n<meta property=\"og:image\" content=\"https:\/\/www.lymbus.com\/wp-content\/uploads\/2025\/05\/657c360c1c7fe384a24aa228_onni-anttoora-zJ9URZiB70-unsplash-p-800.jpg\" \/>\n\t<meta property=\"og:image:width\" content=\"800\" \/>\n\t<meta property=\"og:image:height\" content=\"1066\" \/>\n\t<meta property=\"og:image:type\" content=\"image\/jpeg\" \/>\n<meta name=\"twitter:card\" content=\"summary_large_image\" \/>\n<script type=\"application\/ld+json\" class=\"yoast-schema-graph\">{\"@context\":\"https:\\\/\\\/schema.org\",\"@graph\":[{\"@type\":\"WebPage\",\"@id\":\"https:\\\/\\\/www.lymbus.com\\\/es\\\/contacto\\\/\",\"url\":\"https:\\\/\\\/www.lymbus.com\\\/es\\\/contacto\\\/\",\"name\":\"CONTACTO - Lymbus\",\"isPartOf\":{\"@id\":\"https:\\\/\\\/www.lymbus.com\\\/es\\\/#website\"},\"primaryImageOfPage\":{\"@id\":\"https:\\\/\\\/www.lymbus.com\\\/es\\\/contacto\\\/#primaryimage\"},\"image\":{\"@id\":\"https:\\\/\\\/www.lymbus.com\\\/es\\\/contacto\\\/#primaryimage\"},\"thumbnailUrl\":\"https:\\\/\\\/www.lymbus.com\\\/wp-content\\\/uploads\\\/2025\\\/05\\\/657c360c1c7fe384a24aa228_onni-anttoora-zJ9URZiB70-unsplash-p-800.jpg\",\"datePublished\":\"2025-05-12T09:47:02+00:00\",\"dateModified\":\"2025-07-28T16:37:33+00:00\",\"breadcrumb\":{\"@id\":\"https:\\\/\\\/www.lymbus.com\\\/es\\\/contacto\\\/#breadcrumb\"},\"inLanguage\":\"es\",\"potentialAction\":[{\"@type\":\"ReadAction\",\"target\":[\"https:\\\/\\\/www.lymbus.com\\\/es\\\/contacto\\\/\"]}]},{\"@type\":\"ImageObject\",\"inLanguage\":\"es\",\"@id\":\"https:\\\/\\\/www.lymbus.com\\\/es\\\/contacto\\\/#primaryimage\",\"url\":\"https:\\\/\\\/www.lymbus.com\\\/wp-content\\\/uploads\\\/2025\\\/05\\\/657c360c1c7fe384a24aa228_onni-anttoora-zJ9URZiB70-unsplash-p-800.jpg\",\"contentUrl\":\"https:\\\/\\\/www.lymbus.com\\\/wp-content\\\/uploads\\\/2025\\\/05\\\/657c360c1c7fe384a24aa228_onni-anttoora-zJ9URZiB70-unsplash-p-800.jpg\"},{\"@type\":\"BreadcrumbList\",\"@id\":\"https:\\\/\\\/www.lymbus.com\\\/es\\\/contacto\\\/#breadcrumb\",\"itemListElement\":[{\"@type\":\"ListItem\",\"position\":1,\"name\":\"Inici\",\"item\":\"https:\\\/\\\/www.lymbus.com\\\/es\\\/lymbus\\\/\"},{\"@type\":\"ListItem\",\"position\":2,\"name\":\"CONTACTO\"}]},{\"@type\":\"WebSite\",\"@id\":\"https:\\\/\\\/www.lymbus.com\\\/es\\\/#website\",\"url\":\"https:\\\/\\\/www.lymbus.com\\\/es\\\/\",\"name\":\"Lymbus\",\"description\":\"We are sport \u00b7 Lymbus Life gestiona projectes de comunicaci\u00f3, sponsoring, esdeveniments i creaci\u00f3 de contingut d&#039;esports i amb outdoor com a protagonistes.\",\"publisher\":{\"@id\":\"https:\\\/\\\/www.lymbus.com\\\/es\\\/#organization\"},\"potentialAction\":[{\"@type\":\"SearchAction\",\"target\":{\"@type\":\"EntryPoint\",\"urlTemplate\":\"https:\\\/\\\/www.lymbus.com\\\/es\\\/?s={search_term_string}\"},\"query-input\":{\"@type\":\"PropertyValueSpecification\",\"valueRequired\":true,\"valueName\":\"search_term_string\"}}],\"inLanguage\":\"es\"},{\"@type\":\"Organization\",\"@id\":\"https:\\\/\\\/www.lymbus.com\\\/es\\\/#organization\",\"name\":\"Lymbus\",\"url\":\"https:\\\/\\\/www.lymbus.com\\\/es\\\/\",\"logo\":{\"@type\":\"ImageObject\",\"inLanguage\":\"es\",\"@id\":\"https:\\\/\\\/www.lymbus.com\\\/es\\\/#\\\/schema\\\/logo\\\/image\\\/\",\"url\":\"https:\\\/\\\/www.lymbus.com\\\/wp-content\\\/uploads\\\/2025\\\/04\\\/65311dda573feab3fc9d8128_LOGO-AMAZON.png\",\"contentUrl\":\"https:\\\/\\\/www.lymbus.com\\\/wp-content\\\/uploads\\\/2025\\\/04\\\/65311dda573feab3fc9d8128_LOGO-AMAZON.png\",\"width\":950,\"height\":250,\"caption\":\"Lymbus\"},\"image\":{\"@id\":\"https:\\\/\\\/www.lymbus.com\\\/es\\\/#\\\/schema\\\/logo\\\/image\\\/\"},\"sameAs\":[\"https:\\\/\\\/www.instagram.com\\\/_lymbus\\\/\",\"https:\\\/\\\/www.linkedin.com\\\/company\\\/lymbus\\\/?originalSubdomain=es\"]}]}<\/script>\n<!-- \/ Yoast SEO plugin. -->","yoast_head_json":{"title":"CONTACTO - Lymbus","robots":{"index":"index","follow":"follow","max-snippet":"max-snippet:-1","max-image-preview":"max-image-preview:large","max-video-preview":"max-video-preview:-1"},"canonical":"https:\/\/www.lymbus.com\/es\/contacto\/","og_locale":"es_ES","og_type":"article","og_title":"CONTACTO - Lymbus","og_description":"CONTACTO \u00bfTienes una idea? info@lymbus.com IN IG Rellena el siguiente formulario con tus datos y explic\u00e1ndonos tu idea. Lo evaluaremos y nos pondremos en contacto lo antes posible.","og_url":"https:\/\/www.lymbus.com\/es\/contacto\/","og_site_name":"Lymbus","article_modified_time":"2025-07-28T16:37:33+00:00","og_image":[{"width":800,"height":1066,"url":"https:\/\/www.lymbus.com\/wp-content\/uploads\/2025\/05\/657c360c1c7fe384a24aa228_onni-anttoora-zJ9URZiB70-unsplash-p-800.jpg","type":"image\/jpeg"}],"twitter_card":"summary_large_image","schema":{"@context":"https:\/\/schema.org","@graph":[{"@type":"WebPage","@id":"https:\/\/www.lymbus.com\/es\/contacto\/","url":"https:\/\/www.lymbus.com\/es\/contacto\/","name":"CONTACTO - Lymbus","isPartOf":{"@id":"https:\/\/www.lymbus.com\/es\/#website"},"primaryImageOfPage":{"@id":"https:\/\/www.lymbus.com\/es\/contacto\/#primaryimage"},"image":{"@id":"https:\/\/www.lymbus.com\/es\/contacto\/#primaryimage"},"thumbnailUrl":"https:\/\/www.lymbus.com\/wp-content\/uploads\/2025\/05\/657c360c1c7fe384a24aa228_onni-anttoora-zJ9URZiB70-unsplash-p-800.jpg","datePublished":"2025-05-12T09:47:02+00:00","dateModified":"2025-07-28T16:37:33+00:00","breadcrumb":{"@id":"https:\/\/www.lymbus.com\/es\/contacto\/#breadcrumb"},"inLanguage":"es","potentialAction":[{"@type":"ReadAction","target":["https:\/\/www.lymbus.com\/es\/contacto\/"]}]},{"@type":"ImageObject","inLanguage":"es","@id":"https:\/\/www.lymbus.com\/es\/contacto\/#primaryimage","url":"https:\/\/www.lymbus.com\/wp-content\/uploads\/2025\/05\/657c360c1c7fe384a24aa228_onni-anttoora-zJ9URZiB70-unsplash-p-800.jpg","contentUrl":"https:\/\/www.lymbus.com\/wp-content\/uploads\/2025\/05\/657c360c1c7fe384a24aa228_onni-anttoora-zJ9URZiB70-unsplash-p-800.jpg"},{"@type":"BreadcrumbList","@id":"https:\/\/www.lymbus.com\/es\/contacto\/#breadcrumb","itemListElement":[{"@type":"ListItem","position":1,"name":"Inici","item":"https:\/\/www.lymbus.com\/es\/lymbus\/"},{"@type":"ListItem","position":2,"name":"CONTACTO"}]},{"@type":"WebSite","@id":"https:\/\/www.lymbus.com\/es\/#website","url":"https:\/\/www.lymbus.com\/es\/","name":"Lymbus","description":"We are sport \u00b7 Lymbus Life gestiona projectes de comunicaci\u00f3, sponsoring, esdeveniments i creaci\u00f3 de contingut d&#039;esports i amb outdoor com a protagonistes.","publisher":{"@id":"https:\/\/www.lymbus.com\/es\/#organization"},"potentialAction":[{"@type":"SearchAction","target":{"@type":"EntryPoint","urlTemplate":"https:\/\/www.lymbus.com\/es\/?s={search_term_string}"},"query-input":{"@type":"PropertyValueSpecification","valueRequired":true,"valueName":"search_term_string"}}],"inLanguage":"es"},{"@type":"Organization","@id":"https:\/\/www.lymbus.com\/es\/#organization","name":"Lymbus","url":"https:\/\/www.lymbus.com\/es\/","logo":{"@type":"ImageObject","inLanguage":"es","@id":"https:\/\/www.lymbus.com\/es\/#\/schema\/logo\/image\/","url":"https:\/\/www.lymbus.com\/wp-content\/uploads\/2025\/04\/65311dda573feab3fc9d8128_LOGO-AMAZON.png","contentUrl":"https:\/\/www.lymbus.com\/wp-content\/uploads\/2025\/04\/65311dda573feab3fc9d8128_LOGO-AMAZON.png","width":950,"height":250,"caption":"Lymbus"},"image":{"@id":"https:\/\/www.lymbus.com\/es\/#\/schema\/logo\/image\/"},"sameAs":["https:\/\/www.instagram.com\/_lymbus\/","https:\/\/www.linkedin.com\/company\/lymbus\/?originalSubdomain=es"]}]}},"_links":{"self":[{"href":"https:\/\/www.lymbus.com\/es\/wp-json\/wp\/v2\/pages\/1608","targetHints":{"allow":["GET"]}}],"collection":[{"href":"https:\/\/www.lymbus.com\/es\/wp-json\/wp\/v2\/pages"}],"about":[{"href":"https:\/\/www.lymbus.com\/es\/wp-json\/wp\/v2\/types\/page"}],"author":[{"embeddable":true,"href":"https:\/\/www.lymbus.com\/es\/wp-json\/wp\/v2\/users\/1"}],"replies":[{"embeddable":true,"href":"https:\/\/www.lymbus.com\/es\/wp-json\/wp\/v2\/comments?post=1608"}],"version-history":[{"count":8,"href":"https:\/\/www.lymbus.com\/es\/wp-json\/wp\/v2\/pages\/1608\/revisions"}],"predecessor-version":[{"id":1697,"href":"https:\/\/www.lymbus.com\/es\/wp-json\/wp\/v2\/pages\/1608\/revisions\/1697"}],"wp:attachment":[{"href":"https:\/\/www.lymbus.com\/es\/wp-json\/wp\/v2\/media?parent=1608"}],"curies":[{"name":"wp","href":"https:\/\/api.w.org\/{rel}","templated":true}]}}