{"id":1603,"date":"2025-05-12T11:48:11","date_gmt":"2025-05-12T09:48:11","guid":{"rendered":"https:\/\/www.lymbus.com\/?page_id=1603"},"modified":"2025-07-28T18:37:28","modified_gmt":"2025-07-28T16:37:28","slug":"politica-de-privacidad-y-aviso-legal","status":"publish","type":"page","link":"https:\/\/www.lymbus.com\/es\/politica-de-privacidad-y-aviso-legal\/","title":{"rendered":"POL\u00cdTICA DE PRIVACIDAD Y AVISO LEGAL"},"content":{"rendered":"\t\t<div data-elementor-type=\"wp-page\" data-elementor-id=\"1603\" class=\"elementor elementor-1603 elementor-393\" data-elementor-post-type=\"page\">\n\t\t\t\t<div class=\"elementor-element elementor-element-f17ec23 e-flex e-con-boxed e-con e-parent\" data-id=\"f17ec23\" data-element_type=\"container\" data-e-type=\"container\" data-settings=\"{&quot;jet_parallax_layout_list&quot;:[]}\">\n\t\t\t\t\t<div class=\"e-con-inner\">\n\t\t\t\t<div class=\"elementor-element elementor-element-f9eac65 elementor-widget elementor-widget-heading\" data-id=\"f9eac65\" data-element_type=\"widget\" data-e-type=\"widget\" data-widget_type=\"heading.default\">\n\t\t\t\t<div class=\"elementor-widget-container\">\n\t\t\t\t\t<h1 class=\"elementor-heading-title elementor-size-default\">Pol\u00edtica de privacidad\n<\/h1>\t\t\t\t<\/div>\n\t\t\t\t<\/div>\n\t\t\t\t<div class=\"elementor-element elementor-element-71de5c1 elementor-widget elementor-widget-text-editor\" data-id=\"71de5c1\" data-element_type=\"widget\" data-e-type=\"widget\" data-widget_type=\"text-editor.default\">\n\t\t\t\t<div class=\"elementor-widget-container\">\n\t\t\t\t\t\t\t\t\t<p>En Lymbus respetamos tu privacidad y estamos comprometidos con su protecci\u00f3n.<br \/><br \/><strong>No Recopilaci\u00f3n de Datos Personales<\/strong><br \/>Nuestra web est\u00e1 dise\u00f1ada para informar y comunicar nuestros valores, servicios y proyectos sin la necesidad de recopilar datos personales de nuestros visitantes. No requerimos que nos proporciones ning\u00fan dato personal para acceder a la informaci\u00f3n que compartimos.<br \/><br \/><strong>Cookies y Tecnolog\u00edas de Seguimiento<\/strong><br \/>No utilizamos cookies ni ninguna otra tecnolog\u00eda de seguimiento para recopilar informaci\u00f3n personal de los visitantes de nuestra web.<br \/><br \/><strong>Cambios en Nuestra Pol\u00edtica de Privacidad<\/strong><br \/>Nos reservamos el derecho de modificar esta pol\u00edtica de privacidad en cualquier momento. Cualquier cambio ser\u00e1 efectivo inmediatamente despu\u00e9s de su publicaci\u00f3n en nuestra web. El uso continuado de nuestra web despu\u00e9s de tales cambios constituye la aceptaci\u00f3n de la nueva pol\u00edtica de privacidad.<br \/><br \/><strong>Contacto<\/strong><br \/>Si tienes alguna duda al respeto puedes contactarnos a info@lymbus.com<\/p>\t\t\t\t\t\t\t\t<\/div>\n\t\t\t\t<\/div>\n\t\t\t\t<div class=\"elementor-element elementor-element-d0c5d42 elementor-widget elementor-widget-heading\" data-id=\"d0c5d42\" data-element_type=\"widget\" data-e-type=\"widget\" data-widget_type=\"heading.default\">\n\t\t\t\t<div class=\"elementor-widget-container\">\n\t\t\t\t\t<h2 class=\"elementor-heading-title elementor-size-default\">Aviso legal\n<\/h2>\t\t\t\t<\/div>\n\t\t\t\t<\/div>\n\t\t\t\t<div class=\"elementor-element elementor-element-6d90a5c elementor-widget elementor-widget-text-editor\" data-id=\"6d90a5c\" data-element_type=\"widget\" data-e-type=\"widget\" data-widget_type=\"text-editor.default\">\n\t\t\t\t<div class=\"elementor-widget-container\">\n\t\t\t\t\t\t\t\t\t<p>Por favor, lee atentamente este Aviso Legal antes de utilizar nuestra web, ya que al acceder, navegar o utilizarla, reconoces haber le\u00eddo, entendido y aceptado, sin limitaci\u00f3n o reserva, los t\u00e9rminos de este Aviso Legal.<br \/><br \/><strong>Propiedad Intelectual<\/strong><br \/>Todo el contenido de esta web, incluyendo, sin limitaci\u00f3n, textos, gr\u00e1ficos, logotipos, iconos, im\u00e1genes, clips de audio y video, es propiedad de Lymbus Life\u00a0SL o se utiliza con permiso de sus respectivos propietarios y est\u00e1 protegido por las leyes de propiedad intelectual. El contenido de esta web se proporciona para fines informativos y de promoci\u00f3n de nuestros servicios. Cualquier otro uso, incluida la reproducci\u00f3n, modificaci\u00f3n, distribuci\u00f3n, transmisi\u00f3n, republicaci\u00f3n, exhibici\u00f3n o representaci\u00f3n del contenido de esta web, est\u00e1 estrictamente prohibido sin el permiso previo por escrito de Lymbus Life SL.<br \/><br \/><strong>Limitaci\u00f3n de Responsabilidad<\/strong><br \/>Lymbus Life SL realiza esfuerzos razonables para asegurar que el contenido de esta web sea preciso y actual. Sin embargo, no garantizamos que la informaci\u00f3n sea completa, precisa o actualizada. Lymbus Life SL no ser\u00e1 responsable de da\u00f1os o perjuicios derivados del acceso, uso o imposibilidad de uso de esta web, o por cualquier error u omisi\u00f3n en su contenido.<br \/><br \/><strong>Enlaces a Terceros<\/strong><br \/>Esta web puede contener enlaces a sitios web operados por terceros. Estos enlaces se proporcionan para su conveniencia y no implican una aprobaci\u00f3n por parte de Lymbus Life SL de los contenidos de dichos sitios web. No tenemos control sobre el contenido de los sitios web de terceros y no aceptamos responsabilidad alguna por ellos o por cualquier p\u00e9rdida o da\u00f1o que pueda surgir de su uso.<br \/><br \/><strong>Modificaciones<\/strong><br \/>Lymbus Life SL se reserva el derecho de realizar cambios en esta web, en el Aviso Legal o en cualquier pol\u00edtica o gu\u00eda de la web, en cualquier momento y sin previo aviso.<br \/><br \/><strong>Jurisdicci\u00f3n<\/strong><br \/>Cualquier disputa relacionada con el uso de esta web se regir\u00e1 por las leyes espa\u00f1olas, y los tribunales de Barcelona tendr\u00e1n jurisdicci\u00f3n exclusiva sobre cualquier disputa.<br \/><br \/><strong>Contacto<\/strong><br \/>Si tienes alguna pregunta sobre este Aviso Legal, por favor\u00a0<a href=\"https:\/\/www.lymbus.com\/contact\">cont\u00e1ctanos<\/a>.<\/p>\t\t\t\t\t\t\t\t<\/div>\n\t\t\t\t<\/div>\n\t\t\t\t\t<\/div>\n\t\t\t\t<\/div>\n\t\t\t\t<\/div>\n\t\t","protected":false},"excerpt":{"rendered":"<p>Pol\u00edtica de privacidad En Lymbus respetamos tu privacidad y estamos comprometidos con su protecci\u00f3n. No Recopilaci\u00f3n de Datos PersonalesNuestra web est\u00e1 dise\u00f1ada para informar y comunicar nuestros valores, servicios y proyectos sin la necesidad de recopilar datos personales de nuestros visitantes. No requerimos que nos proporciones ning\u00fan dato personal para acceder a la informaci\u00f3n que [&hellip;]<\/p>\n","protected":false},"author":1,"featured_media":0,"parent":0,"menu_order":0,"comment_status":"closed","ping_status":"closed","template":"","meta":{"footnotes":""},"class_list":["post-1603","page","type-page","status-publish","hentry"],"yoast_head":"<!-- This site is optimized with the Yoast SEO plugin v27.3 - https:\/\/yoast.com\/product\/yoast-seo-wordpress\/ -->\n<title>POL\u00cdTICA DE PRIVACIDAD Y AVISO LEGAL - Lymbus<\/title>\n<meta name=\"robots\" content=\"index, follow, max-snippet:-1, max-image-preview:large, max-video-preview:-1\" \/>\n<link rel=\"canonical\" href=\"https:\/\/www.lymbus.com\/es\/politica-de-privacidad-y-aviso-legal\/\" \/>\n<meta property=\"og:locale\" content=\"es_ES\" \/>\n<meta property=\"og:type\" content=\"article\" \/>\n<meta property=\"og:title\" content=\"POL\u00cdTICA DE PRIVACIDAD Y AVISO LEGAL - Lymbus\" \/>\n<meta property=\"og:description\" content=\"Pol\u00edtica de privacidad En Lymbus respetamos tu privacidad y estamos comprometidos con su protecci\u00f3n. No Recopilaci\u00f3n de Datos PersonalesNuestra web est\u00e1 dise\u00f1ada para informar y comunicar nuestros valores, servicios y proyectos sin la necesidad de recopilar datos personales de nuestros visitantes. No requerimos que nos proporciones ning\u00fan dato personal para acceder a la informaci\u00f3n que [&hellip;]\" \/>\n<meta property=\"og:url\" content=\"https:\/\/www.lymbus.com\/es\/politica-de-privacidad-y-aviso-legal\/\" \/>\n<meta property=\"og:site_name\" content=\"Lymbus\" \/>\n<meta property=\"article:modified_time\" content=\"2025-07-28T16:37:28+00:00\" \/>\n<meta name=\"twitter:card\" content=\"summary_large_image\" \/>\n<script type=\"application\/ld+json\" class=\"yoast-schema-graph\">{\"@context\":\"https:\\\/\\\/schema.org\",\"@graph\":[{\"@type\":\"WebPage\",\"@id\":\"https:\\\/\\\/www.lymbus.com\\\/es\\\/politica-de-privacidad-y-aviso-legal\\\/\",\"url\":\"https:\\\/\\\/www.lymbus.com\\\/es\\\/politica-de-privacidad-y-aviso-legal\\\/\",\"name\":\"POL\u00cdTICA DE PRIVACIDAD Y AVISO LEGAL - Lymbus\",\"isPartOf\":{\"@id\":\"https:\\\/\\\/www.lymbus.com\\\/es\\\/#website\"},\"datePublished\":\"2025-05-12T09:48:11+00:00\",\"dateModified\":\"2025-07-28T16:37:28+00:00\",\"breadcrumb\":{\"@id\":\"https:\\\/\\\/www.lymbus.com\\\/es\\\/politica-de-privacidad-y-aviso-legal\\\/#breadcrumb\"},\"inLanguage\":\"es\",\"potentialAction\":[{\"@type\":\"ReadAction\",\"target\":[\"https:\\\/\\\/www.lymbus.com\\\/es\\\/politica-de-privacidad-y-aviso-legal\\\/\"]}]},{\"@type\":\"BreadcrumbList\",\"@id\":\"https:\\\/\\\/www.lymbus.com\\\/es\\\/politica-de-privacidad-y-aviso-legal\\\/#breadcrumb\",\"itemListElement\":[{\"@type\":\"ListItem\",\"position\":1,\"name\":\"Inici\",\"item\":\"https:\\\/\\\/www.lymbus.com\\\/es\\\/lymbus\\\/\"},{\"@type\":\"ListItem\",\"position\":2,\"name\":\"POL\u00cdTICA DE PRIVACIDAD Y AVISO LEGAL\"}]},{\"@type\":\"WebSite\",\"@id\":\"https:\\\/\\\/www.lymbus.com\\\/es\\\/#website\",\"url\":\"https:\\\/\\\/www.lymbus.com\\\/es\\\/\",\"name\":\"Lymbus\",\"description\":\"We are sport \u00b7 Lymbus Life gestiona projectes de comunicaci\u00f3, sponsoring, esdeveniments i creaci\u00f3 de contingut d&#039;esports i amb outdoor com a protagonistes.\",\"publisher\":{\"@id\":\"https:\\\/\\\/www.lymbus.com\\\/es\\\/#organization\"},\"potentialAction\":[{\"@type\":\"SearchAction\",\"target\":{\"@type\":\"EntryPoint\",\"urlTemplate\":\"https:\\\/\\\/www.lymbus.com\\\/es\\\/?s={search_term_string}\"},\"query-input\":{\"@type\":\"PropertyValueSpecification\",\"valueRequired\":true,\"valueName\":\"search_term_string\"}}],\"inLanguage\":\"es\"},{\"@type\":\"Organization\",\"@id\":\"https:\\\/\\\/www.lymbus.com\\\/es\\\/#organization\",\"name\":\"Lymbus\",\"url\":\"https:\\\/\\\/www.lymbus.com\\\/es\\\/\",\"logo\":{\"@type\":\"ImageObject\",\"inLanguage\":\"es\",\"@id\":\"https:\\\/\\\/www.lymbus.com\\\/es\\\/#\\\/schema\\\/logo\\\/image\\\/\",\"url\":\"https:\\\/\\\/www.lymbus.com\\\/wp-content\\\/uploads\\\/2025\\\/04\\\/65311dda573feab3fc9d8128_LOGO-AMAZON.png\",\"contentUrl\":\"https:\\\/\\\/www.lymbus.com\\\/wp-content\\\/uploads\\\/2025\\\/04\\\/65311dda573feab3fc9d8128_LOGO-AMAZON.png\",\"width\":950,\"height\":250,\"caption\":\"Lymbus\"},\"image\":{\"@id\":\"https:\\\/\\\/www.lymbus.com\\\/es\\\/#\\\/schema\\\/logo\\\/image\\\/\"},\"sameAs\":[\"https:\\\/\\\/www.instagram.com\\\/_lymbus\\\/\",\"https:\\\/\\\/www.linkedin.com\\\/company\\\/lymbus\\\/?originalSubdomain=es\"]}]}<\/script>\n<!-- \/ Yoast SEO plugin. -->","yoast_head_json":{"title":"POL\u00cdTICA DE PRIVACIDAD Y AVISO LEGAL - Lymbus","robots":{"index":"index","follow":"follow","max-snippet":"max-snippet:-1","max-image-preview":"max-image-preview:large","max-video-preview":"max-video-preview:-1"},"canonical":"https:\/\/www.lymbus.com\/es\/politica-de-privacidad-y-aviso-legal\/","og_locale":"es_ES","og_type":"article","og_title":"POL\u00cdTICA DE PRIVACIDAD Y AVISO LEGAL - Lymbus","og_description":"Pol\u00edtica de privacidad En Lymbus respetamos tu privacidad y estamos comprometidos con su protecci\u00f3n. No Recopilaci\u00f3n de Datos PersonalesNuestra web est\u00e1 dise\u00f1ada para informar y comunicar nuestros valores, servicios y proyectos sin la necesidad de recopilar datos personales de nuestros visitantes. No requerimos que nos proporciones ning\u00fan dato personal para acceder a la informaci\u00f3n que [&hellip;]","og_url":"https:\/\/www.lymbus.com\/es\/politica-de-privacidad-y-aviso-legal\/","og_site_name":"Lymbus","article_modified_time":"2025-07-28T16:37:28+00:00","twitter_card":"summary_large_image","schema":{"@context":"https:\/\/schema.org","@graph":[{"@type":"WebPage","@id":"https:\/\/www.lymbus.com\/es\/politica-de-privacidad-y-aviso-legal\/","url":"https:\/\/www.lymbus.com\/es\/politica-de-privacidad-y-aviso-legal\/","name":"POL\u00cdTICA DE PRIVACIDAD Y AVISO LEGAL - Lymbus","isPartOf":{"@id":"https:\/\/www.lymbus.com\/es\/#website"},"datePublished":"2025-05-12T09:48:11+00:00","dateModified":"2025-07-28T16:37:28+00:00","breadcrumb":{"@id":"https:\/\/www.lymbus.com\/es\/politica-de-privacidad-y-aviso-legal\/#breadcrumb"},"inLanguage":"es","potentialAction":[{"@type":"ReadAction","target":["https:\/\/www.lymbus.com\/es\/politica-de-privacidad-y-aviso-legal\/"]}]},{"@type":"BreadcrumbList","@id":"https:\/\/www.lymbus.com\/es\/politica-de-privacidad-y-aviso-legal\/#breadcrumb","itemListElement":[{"@type":"ListItem","position":1,"name":"Inici","item":"https:\/\/www.lymbus.com\/es\/lymbus\/"},{"@type":"ListItem","position":2,"name":"POL\u00cdTICA DE PRIVACIDAD Y AVISO LEGAL"}]},{"@type":"WebSite","@id":"https:\/\/www.lymbus.com\/es\/#website","url":"https:\/\/www.lymbus.com\/es\/","name":"Lymbus","description":"We are sport \u00b7 Lymbus Life gestiona projectes de comunicaci\u00f3, sponsoring, esdeveniments i creaci\u00f3 de contingut d&#039;esports i amb outdoor com a protagonistes.","publisher":{"@id":"https:\/\/www.lymbus.com\/es\/#organization"},"potentialAction":[{"@type":"SearchAction","target":{"@type":"EntryPoint","urlTemplate":"https:\/\/www.lymbus.com\/es\/?s={search_term_string}"},"query-input":{"@type":"PropertyValueSpecification","valueRequired":true,"valueName":"search_term_string"}}],"inLanguage":"es"},{"@type":"Organization","@id":"https:\/\/www.lymbus.com\/es\/#organization","name":"Lymbus","url":"https:\/\/www.lymbus.com\/es\/","logo":{"@type":"ImageObject","inLanguage":"es","@id":"https:\/\/www.lymbus.com\/es\/#\/schema\/logo\/image\/","url":"https:\/\/www.lymbus.com\/wp-content\/uploads\/2025\/04\/65311dda573feab3fc9d8128_LOGO-AMAZON.png","contentUrl":"https:\/\/www.lymbus.com\/wp-content\/uploads\/2025\/04\/65311dda573feab3fc9d8128_LOGO-AMAZON.png","width":950,"height":250,"caption":"Lymbus"},"image":{"@id":"https:\/\/www.lymbus.com\/es\/#\/schema\/logo\/image\/"},"sameAs":["https:\/\/www.instagram.com\/_lymbus\/","https:\/\/www.linkedin.com\/company\/lymbus\/?originalSubdomain=es"]}]}},"_links":{"self":[{"href":"https:\/\/www.lymbus.com\/es\/wp-json\/wp\/v2\/pages\/1603","targetHints":{"allow":["GET"]}}],"collection":[{"href":"https:\/\/www.lymbus.com\/es\/wp-json\/wp\/v2\/pages"}],"about":[{"href":"https:\/\/www.lymbus.com\/es\/wp-json\/wp\/v2\/types\/page"}],"author":[{"embeddable":true,"href":"https:\/\/www.lymbus.com\/es\/wp-json\/wp\/v2\/users\/1"}],"replies":[{"embeddable":true,"href":"https:\/\/www.lymbus.com\/es\/wp-json\/wp\/v2\/comments?post=1603"}],"version-history":[{"count":5,"href":"https:\/\/www.lymbus.com\/es\/wp-json\/wp\/v2\/pages\/1603\/revisions"}],"predecessor-version":[{"id":1696,"href":"https:\/\/www.lymbus.com\/es\/wp-json\/wp\/v2\/pages\/1603\/revisions\/1696"}],"wp:attachment":[{"href":"https:\/\/www.lymbus.com\/es\/wp-json\/wp\/v2\/media?parent=1603"}],"curies":[{"name":"wp","href":"https:\/\/api.w.org\/{rel}","templated":true}]}}